{"id":49,"date":"2026-03-13T16:49:35","date_gmt":"2026-03-13T15:49:35","guid":{"rendered":"https:\/\/website.chi-lam.de\/?page_id=49"},"modified":"2026-03-17T14:51:16","modified_gmt":"2026-03-17T13:51:16","slug":"impressum","status":"publish","type":"page","link":"https:\/\/website.chi-lam.de\/?page_id=49","title":{"rendered":"Impressum"},"content":{"rendered":"\n<p>Angaben gem\u00e4\u00df \u00a7 5 TMG<\/p>\n\n\n\n<p>Lam-IT Webdesigner<br>Inhaber: Chi Lam Truong<\/p>\n\n\n\n<p>Buchholzer Weg 14<br>40472 D\u00fcsseldorf<br>Deutschland<\/p>\n\n\n\n<p>Kontakt<br>Telefon: +49 177 4375427<br>E-Mail: web.chi-lam.de<br>Website: webseite.chi-lam.de<\/p>\n\n\n\n<p>Verantwortlich f\u00fcr den Inhalt nach \u00a7 55 Abs. 2 RStV:<br>CHi Lam Truong<br>Buchholzer Weg 14<br>40472 D\u00fcsseldorf<br>Deutschland<\/p>\n\n\n\n<p>EU-Streitschlichtung<br>Die Europ\u00e4ische Kommission stellt eine Plattform zur Online-Streitbeilegung (OS) bereit:<br><a href=\"https:\/\/ec.europa.eu\/consumers\/odr\/\">https:\/\/ec.europa.eu\/consumers\/odr\/<\/a><\/p>\n\n\n\n<p>Unsere E-Mail-Adresse finden Sie oben im Impressum.<\/p>\n\n\n\n<p>Verbraucherstreitbeilegung \/ Universalschlichtungsstelle<br>Wir sind nicht bereit oder verpflichtet, an Streitbeilegungsverfahren vor einer Verbraucherschlichtungsstelle teilzunehmen.<\/p>\n\n\n\n<p>Haftung f\u00fcr Inhalte<br>Als Diensteanbieter sind wir gem\u00e4\u00df \u00a7 7 Abs.1 TMG f\u00fcr eigene Inhalte auf diesen Seiten nach den allgemeinen Gesetzen verantwortlich.<br>Nach \u00a7\u00a7 8 bis 10 TMG sind wir als Diensteanbieter jedoch nicht verpflichtet, \u00fcbermittelte oder gespeicherte fremde Informationen zu \u00fcberwachen.<\/p>\n\n\n\n<p>Haftung f\u00fcr Links<br>Unser Angebot enth\u00e4lt Links zu externen Websites Dritter, auf deren Inhalte wir keinen Einfluss haben. F\u00fcr diese fremden Inhalte \u00fcbernehmen wir keine Gew\u00e4hr.<\/p>\n\n\n\n<p>Urheberrecht<br>Die durch den Seitenbetreiber erstellten Inhalte und Werke auf diesen Seiten unterliegen dem deutschen Urheberrecht.<\/p>\n\n\n\n<p><\/p>\n","protected":false},"excerpt":{"rendered":"<p>Angaben gem\u00e4\u00df \u00a7 5 TMG Lam-IT WebdesignerInhaber: Chi Lam Truong Buchholzer Weg 1440472 D\u00fcsseldorfDeutschland KontaktTelefon: +49 177 4375427E-Mail: web.chi-lam.deWebsite: webseite.chi-lam.de Verantwortlich f\u00fcr den Inhalt nach \u00a7 55 Abs. 2 RStV:CHi Lam TruongBuchholzer Weg 1440472 D\u00fcsseldorfDeutschland EU-StreitschlichtungDie Europ\u00e4ische Kommission stellt eine Plattform zur Online-Streitbeilegung (OS) bereit:https:\/\/ec.europa.eu\/consumers\/odr\/ Unsere E-Mail-Adresse finden Sie oben im Impressum. Verbraucherstreitbeilegung \/ UniversalschlichtungsstelleWir&hellip;&nbsp;<\/p>\n","protected":false},"author":1,"featured_media":0,"parent":0,"menu_order":0,"comment_status":"closed","ping_status":"closed","template":"","meta":{"neve_meta_sidebar":"","neve_meta_container":"","neve_meta_enable_content_width":"","neve_meta_content_width":0,"neve_meta_title_alignment":"","neve_meta_author_avatar":"","neve_post_elements_order":"","neve_meta_disable_header":"","neve_meta_disable_footer":"","neve_meta_disable_title":"","footnotes":""},"class_list":["post-49","page","type-page","status-publish","hentry"],"_links":{"self":[{"href":"https:\/\/website.chi-lam.de\/index.php?rest_route=\/wp\/v2\/pages\/49","targetHints":{"allow":["GET"]}}],"collection":[{"href":"https:\/\/website.chi-lam.de\/index.php?rest_route=\/wp\/v2\/pages"}],"about":[{"href":"https:\/\/website.chi-lam.de\/index.php?rest_route=\/wp\/v2\/types\/page"}],"author":[{"embeddable":true,"href":"https:\/\/website.chi-lam.de\/index.php?rest_route=\/wp\/v2\/users\/1"}],"replies":[{"embeddable":true,"href":"https:\/\/website.chi-lam.de\/index.php?rest_route=%2Fwp%2Fv2%2Fcomments&post=49"}],"version-history":[{"count":4,"href":"https:\/\/website.chi-lam.de\/index.php?rest_route=\/wp\/v2\/pages\/49\/revisions"}],"predecessor-version":[{"id":118,"href":"https:\/\/website.chi-lam.de\/index.php?rest_route=\/wp\/v2\/pages\/49\/revisions\/118"}],"wp:attachment":[{"href":"https:\/\/website.chi-lam.de\/index.php?rest_route=%2Fwp%2Fv2%2Fmedia&parent=49"}],"curies":[{"name":"wp","href":"https:\/\/api.w.org\/{rel}","templated":true}]}}