{"id":51,"date":"2026-03-13T16:49:50","date_gmt":"2026-03-13T15:49:50","guid":{"rendered":"https:\/\/website.chi-lam.de\/?page_id=51"},"modified":"2026-03-17T17:10:37","modified_gmt":"2026-03-17T16:10:37","slug":"webseite","status":"publish","type":"page","link":"https:\/\/website.chi-lam.de\/?page_id=51","title":{"rendered":"Webseite"},"content":{"rendered":"\n<p><strong>Professionelle Webpr\u00e4senz \u2013 Transparent &amp; Fair<\/strong><\/p>\n\n\n\n<p>Ein starker Internetauftritt ist das digitale Aush\u00e4ngeschild Ihres Unternehmens. Ob einfache Web-Visitenkarte oder komplexer Onlineshop: Ich biete Ihnen ma\u00dfgeschneiderte L\u00f6sungen zu festen Konditionen \u2013 ohne versteckte Kosten.<\/p>\n\n\n\n<figure class=\"wp-block-table is-style-stripes\"><table><thead><tr><th class=\"has-text-align-left\" data-align=\"left\">Webseite-Angebot<\/th><th class=\"has-text-align-right\" data-align=\"right\">Einrichtungsgeb\u00fchr<\/th><th class=\"has-text-align-right\" data-align=\"right\">Monatl. <\/th><\/tr><\/thead><tbody><tr><td class=\"has-text-align-left\" data-align=\"left\">Wie <strong>Visitenkarte <\/strong>(Home,&#8220;\u00dcber uns&#8220;, Kontakt, Impressum, ggf. Blogseite)<\/td><td class=\"has-text-align-right\" data-align=\"right\">100 Euro<\/td><td class=\"has-text-align-right\" data-align=\"right\">25 Euro<\/td><\/tr><tr><td class=\"has-text-align-left\" data-align=\"left\">Eine <strong>Vereinsseite <\/strong>f\u00fcr Ihren Verein<\/td><td class=\"has-text-align-right\" data-align=\"right\">100 Euro<\/td><td class=\"has-text-align-right\" data-align=\"right\">25 Euro<\/td><\/tr><tr><td class=\"has-text-align-left\" data-align=\"left\"><strong>Hochzeitsseite<\/strong> mit RSVP (F\u00fcr Zusagen und Absagen)<\/td><td class=\"has-text-align-right\" data-align=\"right\">150 Euro<\/td><td class=\"has-text-align-right\" data-align=\"right\">30 Euro<\/td><\/tr><tr><td class=\"has-text-align-left\" data-align=\"left\"><strong>F\u00fcr Gastronomen <\/strong><\/td><td class=\"has-text-align-right\" data-align=\"right\"><\/td><td class=\"has-text-align-right\" data-align=\"right\"><\/td><\/tr><tr><td class=\"has-text-align-left\" data-align=\"left\"><span style=\"margin-left: 40px;padding-left: 40px !important;text-align: left;display: table-cell !important;\">mit einer zus\u00e4tzlichen Seite f\u00fcr die Speisekarte<\/span><\/td><td class=\"has-text-align-right\" data-align=\"right\">100 Euro<\/td><td class=\"has-text-align-right\" data-align=\"right\">30 Euro<\/td><\/tr><tr><td class=\"has-text-align-left\" data-align=\"left\"><span style=\"margin-left: 40px;padding-left: 40px !important;text-align: left;display: table-cell !important;\">zus\u00e4tzlich mit Tischreservierung und Mail benachrichtigung<\/span><\/td><td class=\"has-text-align-right\" data-align=\"right\">200 Euro<\/td><td class=\"has-text-align-right\" data-align=\"right\">50 Euro<\/td><\/tr><tr><td class=\"has-text-align-left\" data-align=\"left\"><strong>F\u00fcr Friseure\/Nagelstudios <\/strong><\/td><td class=\"has-text-align-right\" data-align=\"right\"><\/td><td class=\"has-text-align-right\" data-align=\"right\"><\/td><\/tr><tr><td class=\"has-text-align-left\" data-align=\"left\"><span style=\"padding-left: 40px !important;\">mit einer Preisliste<\/span><\/td><td class=\"has-text-align-right\" data-align=\"right\">100 Euro<\/td><td class=\"has-text-align-right\" data-align=\"right\">30 Euro<\/td><\/tr><tr><td class=\"has-text-align-left\" data-align=\"left\"><span style=\"padding-left: 40px !important;text-align: left;display: table-cell !important;\">mit einer Seite f\u00fcr interne Terminabsprachen und einer Kalenderansicht<\/span><\/td><td class=\"has-text-align-right\" data-align=\"right\">200 Euro<\/td><td class=\"has-text-align-right\" data-align=\"right\">50 Euro<\/td><\/tr><tr><td class=\"has-text-align-left\" data-align=\"left\"><strong>Webshops oder andere komplexe Webseiten<\/strong><\/td><td class=\"has-text-align-right\" data-align=\"right\">1000 Euro<\/td><td class=\"has-text-align-right\" data-align=\"right\">100 Euro<\/td><\/tr><\/tbody><\/table><\/figure>\n\n\n\n<p class=\"has-medium-font-size\"><strong>Hinweise zu unseren Paketen<\/strong><\/p>\n\n\n\n<p style=\"font-size:15px\">Alle monatlichen Pakete beinhalten bereits die Kosten f\u00fcr <strong>Hosting, Ihre Wunsch-Domain sowie ein SSL-Sicherheitszertifikat<\/strong>.<\/p>\n\n\n\n<p style=\"font-size:15px\">Im <strong>ersten Monat nach Erstellung der Website<\/strong> sind \u00c4nderungen kostenfrei m\u00f6glich.<br>Danach sind <strong>kleinere \u00c4nderungen bis zu 10 Minuten kostenlos<\/strong>.<br>\u00c4nderungen mit gr\u00f6\u00dferem Zeitaufwand werden mit <strong>40 \u20ac pro Stunde<\/strong> berechnet.<\/p>\n\n\n\n<p style=\"font-size:15px\">Die <strong>Mindestvertragslaufzeit betr\u00e4gt 12 Monate<\/strong>.<\/p>\n\n\n\n<p style=\"font-size:15px\">Auf Wunsch k\u00f6nnen alle Geb\u00fchren <strong>auch j\u00e4hrlich im Voraus bezahlt werden<\/strong>.<\/p>\n\n\n\n<p style=\"font-size:15px\"><\/p>\n\n\n\n<p><\/p>\n","protected":false},"excerpt":{"rendered":"<p>Professionelle Webpr\u00e4senz \u2013 Transparent &amp; Fair Ein starker Internetauftritt ist das digitale Aush\u00e4ngeschild Ihres Unternehmens. Ob einfache Web-Visitenkarte oder komplexer Onlineshop: Ich biete Ihnen ma\u00dfgeschneiderte L\u00f6sungen zu festen Konditionen \u2013 ohne versteckte Kosten. Webseite-Angebot Einrichtungsgeb\u00fchr Monatl. Wie Visitenkarte (Home,&#8220;\u00dcber uns&#8220;, Kontakt, Impressum, ggf. Blogseite) 100 Euro 25 Euro Eine Vereinsseite f\u00fcr Ihren Verein 100 Euro&hellip;&nbsp;<\/p>\n","protected":false},"author":1,"featured_media":0,"parent":0,"menu_order":0,"comment_status":"closed","ping_status":"closed","template":"","meta":{"neve_meta_sidebar":"","neve_meta_container":"","neve_meta_enable_content_width":"","neve_meta_content_width":0,"neve_meta_title_alignment":"","neve_meta_author_avatar":"","neve_post_elements_order":"","neve_meta_disable_header":"","neve_meta_disable_footer":"","neve_meta_disable_title":"","footnotes":""},"class_list":["post-51","page","type-page","status-publish","hentry"],"_links":{"self":[{"href":"https:\/\/website.chi-lam.de\/index.php?rest_route=\/wp\/v2\/pages\/51","targetHints":{"allow":["GET"]}}],"collection":[{"href":"https:\/\/website.chi-lam.de\/index.php?rest_route=\/wp\/v2\/pages"}],"about":[{"href":"https:\/\/website.chi-lam.de\/index.php?rest_route=\/wp\/v2\/types\/page"}],"author":[{"embeddable":true,"href":"https:\/\/website.chi-lam.de\/index.php?rest_route=\/wp\/v2\/users\/1"}],"replies":[{"embeddable":true,"href":"https:\/\/website.chi-lam.de\/index.php?rest_route=%2Fwp%2Fv2%2Fcomments&post=51"}],"version-history":[{"count":38,"href":"https:\/\/website.chi-lam.de\/index.php?rest_route=\/wp\/v2\/pages\/51\/revisions"}],"predecessor-version":[{"id":153,"href":"https:\/\/website.chi-lam.de\/index.php?rest_route=\/wp\/v2\/pages\/51\/revisions\/153"}],"wp:attachment":[{"href":"https:\/\/website.chi-lam.de\/index.php?rest_route=%2Fwp%2Fv2%2Fmedia&parent=51"}],"curies":[{"name":"wp","href":"https:\/\/api.w.org\/{rel}","templated":true}]}}