{"id":8,"date":"2026-03-12T11:29:22","date_gmt":"2026-03-12T10:29:22","guid":{"rendered":"https:\/\/website.chi-lam.de\/?page_id=8"},"modified":"2026-03-17T15:58:47","modified_gmt":"2026-03-17T14:58:47","slug":"start","status":"publish","type":"page","link":"https:\/\/website.chi-lam.de\/","title":{"rendered":"Home"},"content":{"rendered":"\n<p class=\"has-medium-font-size\"><strong>Professionelle Websites f\u00fcr kleine Unternehmen<\/strong><\/p>\n\n\n\n<p><strong>Eine moderne Website muss nicht teuer sein.<\/strong><br>Wir erstellen professionelle, mobiloptimierte Websites f\u00fcr kleine Unternehmen \u2013 <strong>ab nur 25 \u20ac pro Monat<\/strong>.<\/p>\n\n\n\n<p>Ideal f\u00fcr Restaurants, Friseure, Nagelstudios, Caf\u00e9s und lokale Betriebe, die online besser gefunden werden m\u00f6chten.<\/p>\n\n\n\n<h2 class=\"wp-block-heading\">Was Sie bei uns bekommen<\/h2>\n\n\n\n<ul class=\"wp-block-list\">\n<li>Individuell gestaltete Website<\/li>\n\n\n\n<li>Domain und Hosting inklusive<\/li>\n\n\n\n<li>SSL-Zertifikat f\u00fcr sichere Verbindung<\/li>\n\n\n\n<li>Optimiert f\u00fcr Smartphone und Tablet<\/li>\n\n\n\n<li>Schnelle Ladezeiten<\/li>\n\n\n\n<li>Pers\u00f6nlicher Support<\/li>\n<\/ul>\n\n\n\n<h2 class=\"wp-block-heading\">Transparente Preise \u2013 ohne \u00dcberraschungen<\/h2>\n\n\n\n<p>Bei uns gibt es <strong>klare Preise<\/strong>:<br>Eine einmalige Einrichtungsgeb\u00fchr f\u00fcr die Erstellung Ihrer Website und eine <strong>g\u00fcnstige monatliche Geb\u00fchr f\u00fcr Betrieb und Wartung<\/strong>.<\/p>\n\n\n\n<p>So erhalten Sie eine professionelle Website <strong>ohne hohe Anfangskosten<\/strong>.<\/p>\n\n\n\n<h2 class=\"wp-block-heading\">F\u00fcr welche Branchen wir Websites erstellen<\/h2>\n\n\n\n<p>Wir sind spezialisiert auf:<\/p>\n\n\n\n<ul class=\"wp-block-list\">\n<li>Restaurants und Caf\u00e9s<\/li>\n\n\n\n<li>Friseure und Barbershops<\/li>\n\n\n\n<li>Nagelstudios<\/li>\n\n\n\n<li>kleine Gesch\u00e4fte<\/li>\n\n\n\n<li>lokale Dienstleister<\/li>\n<\/ul>\n\n\n\n<h2 class=\"wp-block-heading\">Beispiel-Websites<\/h2>\n\n\n\n<p>Sie m\u00f6chten sehen, wie eine Website aussehen kann?<br>Schauen Sie sich unsere Beispielseiten an und lassen Sie sich inspirieren.<\/p>\n\n\n\n<h2 class=\"wp-block-heading\">Jetzt unverbindlich anfragen<\/h2>\n\n\n\n<p>M\u00f6chten Sie eine eigene Website f\u00fcr Ihr Gesch\u00e4ft?<\/p>\n\n\n\n<p>Kontaktieren Sie uns einfach \u2013 wir beraten Sie gerne und erstellen eine Website, die perfekt zu Ihrem Unternehmen passt.<\/p>\n\n\n\n<p><\/p>\n","protected":false},"excerpt":{"rendered":"<p>Professionelle Websites f\u00fcr kleine Unternehmen Eine moderne Website muss nicht teuer sein.Wir erstellen professionelle, mobiloptimierte Websites f\u00fcr kleine Unternehmen \u2013 ab nur 25 \u20ac pro Monat. Ideal f\u00fcr Restaurants, Friseure, Nagelstudios, Caf\u00e9s und lokale Betriebe, die online besser gefunden werden m\u00f6chten. Was Sie bei uns bekommen Transparente Preise \u2013 ohne \u00dcberraschungen Bei uns gibt es&hellip;&nbsp;<\/p>\n","protected":false},"author":1,"featured_media":0,"parent":0,"menu_order":0,"comment_status":"closed","ping_status":"closed","template":"","meta":{"neve_meta_sidebar":"","neve_meta_container":"","neve_meta_enable_content_width":"","neve_meta_content_width":0,"neve_meta_title_alignment":"","neve_meta_author_avatar":"","neve_post_elements_order":"","neve_meta_disable_header":"","neve_meta_disable_footer":"","neve_meta_disable_title":"","footnotes":""},"class_list":["post-8","page","type-page","status-publish","hentry"],"_links":{"self":[{"href":"https:\/\/website.chi-lam.de\/index.php?rest_route=\/wp\/v2\/pages\/8","targetHints":{"allow":["GET"]}}],"collection":[{"href":"https:\/\/website.chi-lam.de\/index.php?rest_route=\/wp\/v2\/pages"}],"about":[{"href":"https:\/\/website.chi-lam.de\/index.php?rest_route=\/wp\/v2\/types\/page"}],"author":[{"embeddable":true,"href":"https:\/\/website.chi-lam.de\/index.php?rest_route=\/wp\/v2\/users\/1"}],"replies":[{"embeddable":true,"href":"https:\/\/website.chi-lam.de\/index.php?rest_route=%2Fwp%2Fv2%2Fcomments&post=8"}],"version-history":[{"count":11,"href":"https:\/\/website.chi-lam.de\/index.php?rest_route=\/wp\/v2\/pages\/8\/revisions"}],"predecessor-version":[{"id":119,"href":"https:\/\/website.chi-lam.de\/index.php?rest_route=\/wp\/v2\/pages\/8\/revisions\/119"}],"wp:attachment":[{"href":"https:\/\/website.chi-lam.de\/index.php?rest_route=%2Fwp%2Fv2%2Fmedia&parent=8"}],"curies":[{"name":"wp","href":"https:\/\/api.w.org\/{rel}","templated":true}]}}